{"id":652,"date":"2026-05-06T03:57:17","date_gmt":"2026-05-06T03:57:17","guid":{"rendered":"https:\/\/chunleiagriculture.com\/?page_id=652"},"modified":"2026-05-09T07:36:30","modified_gmt":"2026-05-09T07:36:30","slug":"privacy-policy","status":"publish","type":"page","link":"https:\/\/chunleiagriculture.com\/pt\/privacy-policy\/","title":{"rendered":"Pol\u00edtica Privacidade"},"content":{"rendered":"<div data-elementor-type=\"wp-page\" data-elementor-id=\"652\" class=\"elementor elementor-652\" data-elementor-post-type=\"page\">\n\t\t\t\t\t\t<section class=\"elementor-section elementor-top-section elementor-element elementor-element-b0c3348 elementor-section-height-min-height elementor-section-boxed elementor-section-height-default elementor-section-items-middle\" data-id=\"b0c3348\" data-element_type=\"section\" data-e-type=\"section\" data-settings=\"{&quot;background_background&quot;:&quot;classic&quot;}\">\n\t\t\t\t\t\t\t<div class=\"elementor-background-overlay\"><\/div>\n\t\t\t\t\t\t\t<div class=\"elementor-container elementor-column-gap-default\">\n\t\t\t\t\t<div class=\"elementor-column elementor-col-100 elementor-top-column elementor-element elementor-element-86b7624\" data-id=\"86b7624\" data-element_type=\"column\" data-e-type=\"column\">\n\t\t\t<div class=\"elementor-widget-wrap elementor-element-populated\">\n\t\t\t\t\t\t<div class=\"elementor-element elementor-element-b9c4744 elementor-widget elementor-widget-heading\" data-id=\"b9c4744\" data-element_type=\"widget\" data-e-type=\"widget\" data-widget_type=\"heading.default\">\n\t\t\t\t\t<h1 class=\"elementor-heading-title elementor-size-default\">Pol\u00edtica Privacidade<\/h1>\t\t\t\t<\/div>\n\t\t\t\t<div class=\"elementor-element elementor-element-a3a112d elementor-icon-list--layout-inline elementor-align-center elementor-mobile-align-start elementor-list-item-link-full_width elementor-widget elementor-widget-icon-list\" data-id=\"a3a112d\" data-element_type=\"widget\" data-e-type=\"widget\" data-widget_type=\"icon-list.default\">\n\t\t\t\t\t\t\t<ul class=\"elementor-icon-list-items elementor-inline-items\">\n\t\t\t\t\t\t\t<li class=\"elementor-icon-list-item elementor-inline-item\">\n\t\t\t\t\t\t\t\t\t\t\t<a href=\"https:\/\/chunleiagriculture.com\/pt\/\">\n\n\t\t\t\t\t\t\t\t\t\t\t<span class=\"elementor-icon-list-text\">Casa<\/span>\n\t\t\t\t\t\t\t\t\t\t\t<\/a>\n\t\t\t\t\t\t\t\t\t<\/li>\n\t\t\t\t\t\t\t\t<li class=\"elementor-icon-list-item elementor-inline-item\">\n\t\t\t\t\t\t\t\t\t\t\t<span class=\"elementor-icon-list-icon\">\n\t\t\t\t\t\t\t<i aria-hidden=\"true\" class=\"icon icon-right-arrow1\"><\/i>\t\t\t\t\t\t<\/span>\n\t\t\t\t\t\t\t\t\t\t<span class=\"elementor-icon-list-text\">Pol\u00edtica Privacidade<\/span>\n\t\t\t\t\t\t\t\t\t<\/li>\n\t\t\t\t\t\t<\/ul>\n\t\t\t\t\t\t<\/div>\n\t\t\t\t\t<\/div>\n\t\t<\/div>\n\t\t\t\t\t<\/div>\n\t\t<\/section>\n\t\t<div class=\"elementor-element elementor-element-fc3b1c9 e-flex e-con-boxed e-con e-parent\" data-id=\"fc3b1c9\" data-element_type=\"container\" data-e-type=\"container\">\n\t\t\t\t\t<div class=\"e-con-inner\">\n\t\t\t\t<div class=\"elementor-element elementor-element-6a5fbcd elementor-widget elementor-widget-text-editor\" data-id=\"6a5fbcd\" data-element_type=\"widget\" data-e-type=\"widget\" data-widget_type=\"text-editor.default\">\n\t\t\t\t\t\t\t\t\t<p><strong><b>Houma Chunlei Agricultural Co., Ltd<\/b><\/strong>\u00a0Est\u00e1 empenhado em proteger a sua privacidade e ganhar a sua confian\u00e7a. \u201cHouma Chunlei n\u00e3o vende, comercializa ou aluga as suas informa\u00e7\u00f5es pessoais a terceiros Esta pol\u00edtica divulga as pr\u00e1ticas de privacidade do site \u201cHouma Chunlei. Utilizamos as informa\u00e7\u00f5es que recolhemos sobre si do site \u201cHouma 1TP3 T para processar encomendas e manter uma rela\u00e7\u00e3o consigo durante a utiliza\u00e7\u00e3o dos nossos produtos e servi\u00e7os Esta pol\u00edtica explica como as suas informa\u00e7\u00f5es pessoais est\u00e3o protegidas. \u00c9 nossa inten\u00e7\u00e3o dar-lhe o m\u00e1ximo controlo poss\u00edvel sobre a sua privacidade e informa\u00e7\u00f5es pessoais e a utiliza\u00e7\u00e3o que fazemos delas no nosso neg\u00f3cio.<\/p><h4><strong><b>Como Faz <\/b><\/strong><strong><b>Houma Chunlei <\/b><\/strong><strong><b>\u00a0Usar as Minhas Informa\u00e7\u00f5es?<\/b><\/strong><\/h4><p>N\u00f3s coletamos informa\u00e7\u00f5es pessoais para nos ajudar a fornecer uma experi\u00eancia de usu\u00e1rio de alta qualidade, e para ajudar Houma 1TP3 T na compreens\u00e3o de nossos clientes melhor Houma 1TP3 T n\u00e3o vende, com\u00e9rcio, ou alugar suas informa\u00e7\u00f5es pessoais para os outros As informa\u00e7\u00f5es pessoais que voc\u00ea escolhe nos dar permite Houma 1TP3 T para processar e cumprir o seu pedido para um teste gratuito do Centro de Treinamento Houma 1TP3 T. Tamb\u00e9m usamos essas informa\u00e7\u00f5es caso voc\u00ea opte por encomendar nossos produtos e servi\u00e7os para processar e completar o seu pedido e notific\u00e1-lo do seu estado de pedido.<br \/>1. usamos as informa\u00e7\u00f5es pessoais que voc\u00ea nos fornece para fornecer informa\u00e7\u00f5es atualizadas sobre os produtos e servi\u00e7os Houma Chunlei.<br \/>2. Podemos usar as informa\u00e7\u00f5es que coletamos para notific\u00e1-lo de tempos em tempos sobre mudan\u00e7as importantes na funcionalidade do site, novos servi\u00e7os e produtos Houma Chunlei e ofertas especiais que achamos que voc\u00ea achar\u00e1 valiosas.<br \/>3. Quando voc\u00ea nos fornece informa\u00e7\u00f5es pessoais para participar de um concurso ou promo\u00e7\u00e3o patrocinada pela Houma Chunlei ou seus parceiros, usamos essas informa\u00e7\u00f5es para administrar o concurso e notificar os vencedores. Armazenamos todas as informa\u00e7\u00f5es relacionadas a tais concursos e promo\u00e7\u00f5es.<br \/>4. entregaremos an\u00fancios ou promo\u00e7\u00f5es direcionadas aos nossos clientes usando as informa\u00e7\u00f5es pessoais que voc\u00ea nos fornece. N\u00e3o permitimos que os anunciantes tenham acesso a informa\u00e7\u00f5es de contas individuais. Esses an\u00fancios geralmente s\u00e3o banners e e-mails promocionais.<br \/>5. Tamb\u00e9m pesquisamos a demografia, os interesses e o comportamento de nossos usu\u00e1rios com base nas informa\u00e7\u00f5es que voc\u00ea nos fornece em nossa ferramenta de pesquisa on-line. Compilamos e analisamos essas informa\u00e7\u00f5es de forma agregada ou an\u00f4nima.<br \/>6. Usamos os endere\u00e7os IP que coletamos para relatar informa\u00e7\u00f5es agregadas ou an\u00f4nimas aos nossos anunciantes.\u00a0<\/p><h4><strong><b>Quem coleta informa\u00e7\u00f5es?<\/b><\/strong><\/h4><p>Quando voc\u00ea fornece informa\u00e7\u00f5es pessoais em um site Houma 1TP3 T, voc\u00ea compartilha essas informa\u00e7\u00f5es apenas com Houma 1TP3 T, a menos que voc\u00ea seja especificamente informado do contr\u00e1rio Se uma empresa diferente de Houma 1TP3 T estiver reunindo ou mantendo seus dados pessoais de nosso site, voc\u00ea ser\u00e1 informado antes de serem coletados ou transferidos Voc\u00ea sempre pode optar por n\u00e3o compartilhar as informa\u00e7\u00f5es Quando outras empresas al\u00e9m de promo\u00e7\u00f5es do patrocinador Houma 1TP3 T, os dados coletados no site Houma 1TP3 T em conex\u00e3o com essas promo\u00e7\u00f5es podem ser compartilhados com o patrocinador Mais uma vez, se for esse o caso, voc\u00ea ser\u00e1 notificado antes que os dados sejam coletados ou transferidos, e voc\u00ea pode decidir n\u00e3o participar A maioria dessas promo\u00e7\u00f5es \u00e9 limitada a residentes dos Estados Unidos ou da Am\u00e9rica do Norte Se voc\u00ea sair do nosso site usando links para ir a outros sites de terceiros, esses terceiros podem coletar informa\u00e7\u00f5es sobre voc\u00ea Esta pol\u00edtica de privacidade n\u00e3o cobre as pr\u00e1ticas dessas empresas.<\/p><h4><strong><b>Faz <\/b><\/strong><strong><b>Houma Chunlei <\/b><\/strong><strong><b>\u00a0Compartilhar Minhas Informa\u00e7\u00f5es?<\/b><\/strong><\/h4><p>Al\u00e9m do indicado nesta pol\u00edtica, a Houma 1TP3 T n\u00e3o divulga nenhuma de suas informa\u00e7\u00f5es pessoais a terceiros sem sua permiss\u00e3o Leia as se\u00e7\u00f5es a seguir para saber mais.<\/p><h4><strong><b>Outras Situa\u00e7\u00f5es<\/b><\/strong><\/h4><p>A Houma Chunlei tamb\u00e9m pode divulgar suas informa\u00e7\u00f5es quando a divulga\u00e7\u00e3o for necess\u00e1ria para identificar, entrar em contato ou iniciar uma a\u00e7\u00e3o legal contra algu\u00e9m que possa estar causando danos ou interfer\u00eancia em nossos direitos ou direitos de propriedade, nos direitos dos usu\u00e1rios ou em outros direitos. Da mesma forma, a Houma Chunlei divulgar\u00e1 informa\u00e7\u00f5es quando acreditarmos razoavelmente que a divulga\u00e7\u00e3o \u00e9 exigida por lei ou para cumprir um processo legal apresentado na Houma Chunlei ou em seu site. Podemos divulgar suas informa\u00e7\u00f5es pessoais acreditando de boa f\u00e9 que devemos agir sob circunst\u00e2ncias exigentes para proteger a seguran\u00e7a pessoal dos usu\u00e1rios do Houma Chunlei, de seu site ou do p\u00fablico.<\/p><h4><strong><b>Como Faz<\/b><\/strong><strong><b>Houma Chunlei <\/b><\/strong><strong><b>\u00a0Proteja seu cart\u00e3o de cr\u00e9dito e informa\u00e7\u00f5es financeiras?<\/b><\/strong><\/h4><p>Estamos comprometidos em proteger a privacidade do seu cart\u00e3o de cr\u00e9dito e informa\u00e7\u00f5es da conta financeira N\u00f3s n\u00e3o vendemos, comercializamos ou alugamos suas informa\u00e7\u00f5es financeiras ou de cart\u00e3o de cr\u00e9dito N\u00f3s n\u00e3o disponibilizamos essas informa\u00e7\u00f5es a ningu\u00e9m sem sua permiss\u00e3o Podemos fornecer dados estat\u00edsticos sobre nossos clientes para anunciantes, parceiros, fornecedores e outros terceiros respeit\u00e1veis Esses dados s\u00e3o compostos apenas por dados agregados ou an\u00f4nimos, que n\u00e3o cont\u00eam nenhuma informa\u00e7\u00e3o pessoalmente identific\u00e1vel Por exemplo, n\u00e3o divulgaremos que voc\u00ea comprou um produto espec\u00edfico, mas poderemos divulgar estat\u00edsticas sobre quantos clientes compraram um produto espec\u00edfico Quando voc\u00ea insere informa\u00e7\u00f5es de cart\u00e3o de cr\u00e9dito em nosso site, transmitimos as informa\u00e7\u00f5es em formato criptografado, usando criptografia padr\u00e3o da ind\u00fastria, camada de soquete segura (SSL).<\/p><h4><strong><b>Seus direitos relativos aos seus dados pessoais<\/b><\/strong><\/h4><p>Voc\u00ea tem o direito, sob esta Pol\u00edtica de Privacidade e Cookies, e por lei, se voc\u00ea estiver dentro da UE, de:<\/p><p>-Solicite acesso aos seus Dados Pessoais Se estiver dentro da UE, isso permite que voc\u00ea receba uma c\u00f3pia dos Dados Pessoais que mantemos sobre voc\u00ea e verifique se os estamos processando legalmente.<br \/>-Solicite a corre\u00e7\u00e3o dos Dados Pessoais que mantemos sobre voc\u00ea. Isso permite que voc\u00ea tenha corrigidas quaisquer informa\u00e7\u00f5es incompletas ou imprecisas que mantemos sobre voc\u00ea.<br \/>-Solicitar o apagamento dos seus Dados Pessoais Isto permite-lhe pedir-nos para eliminar ou remover Dados Pessoais onde n\u00e3o haja uma boa raz\u00e3o para continuarmos a process\u00e1-los Voc\u00ea tamb\u00e9m tem o direito, se estiver dentro da UE, de nos pedir para excluir ou remover seus Dados Pessoais onde voc\u00ea exerceu seu direito de se opor ao processamento (veja abaixo).<br \/>-Objeto ao processamento dos seus Dados Pessoais Este direito existe quando nos baseamos num interesse leg\u00edtimo como base legal para o nosso processamento e h\u00e1 algo na sua situa\u00e7\u00e3o particular, o que faz com que queira opor-se ao processamento dos seus Dados Pessoais por este motivo. Voc\u00ea tamb\u00e9m tem o direito de se opor quando estamos processando seus Dados Pessoais para fins de marketing direto.<br \/>-Solicite a restri\u00e7\u00e3o do processamento dos seus Dados Pessoais Isto permite-lhe pedir-nos que suspendamos o processamento de Dados Pessoais sobre si, por exemplo, se quiser que estabele\u00e7amos a sua exatid\u00e3o ou o motivo do seu processamento.<br \/>-Solicite a transfer\u00eancia dos seus Dados Pessoais Se estiver dentro da UE, forneceremos a voc\u00ea, ou a um terceiro que voc\u00ea escolheu, os seus Dados Pessoais em um formato estruturado, comumente usado e leg\u00edvel por m\u00e1quina Observe que esse direito se aplica apenas a informa\u00e7\u00f5es automatizadas que voc\u00ea inicialmente forneceu consentimento para usarmos ou onde usamos as informa\u00e7\u00f5es para executar um contrato com voc\u00ea.<br \/>-Retirar o consentimento Este direito s\u00f3 existe quando estamos a confiar no consentimento para processar os seus Dados Pessoais (\u201cConsent Withdrawal\u201d) Se retirar o seu consentimento, poderemos n\u00e3o ser capazes de lhe fornecer acesso a determinadas funcionalidades espec\u00edficas do nosso Site Aconselharemos se for esse o caso no momento em que retirar o seu consentimento<\/p><h4><strong><b>Reclama\u00e7\u00f5es<\/b><\/strong><\/h4><p>Se desejar apresentar uma reclama\u00e7\u00e3o relativa a esta Pol\u00edtica de Privacidade ou \u00e0s nossas pr\u00e1ticas em rela\u00e7\u00e3o aos seus Dados Pessoais, contacte-nos em:<a href=\"mailto:qqq005181@gmail.com\">qqq005181@gmail.com<\/a><\/p><p>Responderemos \u00e0 sua reclama\u00e7\u00e3o assim que pudermos.<\/p><p>Se voc\u00ea acha que sua reclama\u00e7\u00e3o n\u00e3o foi adequadamente resolvida, observe que, se voc\u00ea estiver na UE, o RGPD lhe dar\u00e1 o direito de entrar em contato com a autoridade supervisora local de prote\u00e7\u00e3o de dados.<\/p><p>Arquivos de log: As informa\u00e7\u00f5es do arquivo de log s\u00e3o automaticamente relatadas pelo seu navegador cada vez que voc\u00ea acessa uma p\u00e1gina da web Quando voc\u00ea usa os Servi\u00e7os, nossos servidores registram automaticamente certas informa\u00e7\u00f5es que seu navegador da web envia sempre que voc\u00ea visita qualquer site Esses logs do servidor podem incluir informa\u00e7\u00f5es como sua solicita\u00e7\u00e3o da web, endere\u00e7o do Protocolo da Internet, tipo de navegador, p\u00e1ginas de refer\u00eancia\/sa\u00edda e URLs, n\u00famero de cliques, nomes de dom\u00ednio, p\u00e1ginas de destino, p\u00e1ginas visualizadas e outras informa\u00e7\u00f5es semelhantes.<\/p><h4><strong><b>Quanto tempo armazenamos seus dados pessoais<\/b><\/strong><\/h4><p>Reteremos suas informa\u00e7\u00f5es enquanto sua conta estiver ativa ou for razoavelmente necess\u00e1ria para os fins estabelecidos em Como Usamos Seus Dados Pessoais e Por que, a menos que voc\u00ea solicite que removamos seus Dados Pessoais conforme descrito em Seus Direitos Relativos aos Seus Dados Pessoais, reteremos seus Dados Pessoais apenas pelo tempo que precisarmos razoavelmente us\u00e1-los para esses fins, a menos que um per\u00edodo de reten\u00e7\u00e3o mais longo seja exigido por lei (por exemplo, para fins regulat\u00f3rios) Isso pode incluir manter seus Dados Pessoais depois que voc\u00ea tiver desativado sua conta pelo per\u00edodo de tempo necess\u00e1rio para que busquemos interesses comerciais leg\u00edtimos, conduzamos auditorias, cumpramos (e demonstremos conformidade com) obriga\u00e7\u00f5es legais, resolvamos disputas e apliquemos nossos acordos.<\/p><h4><strong><b>O que s\u00e3o cookies e como\u00a0<\/b><\/strong><strong><b>Houma Chunlei <\/b><\/strong><strong><b>\u00a0Usa-os?<\/b><\/strong><\/h4><p>Partes do nosso sistema de gest\u00e3o de aprendizagem utilizam o \u201ccookies\u201d para que possa reconhecer imediatamente um utilizador e depois atribuir diferentes permiss\u00f5es associadas \u00e0 funcionalidade no sistema Um \u201ccookie\u201d \u00e9 um peda\u00e7o de dados que \u00e9 enviado para o seu navegador a partir de um servidor web e armazenado pelo seu navegador no disco r\u00edgido do seu navegador As configura\u00e7\u00f5es do seu navegador devem ser definidas para aceitar cookies antes de poder iniciar sess\u00e3o ou personalizar A maioria dos navegadores est\u00e1 configurada para aceitar cookies, mas normalmente pode alterar as configura\u00e7\u00f5es do seu navegador para recus\u00e1-los Houma 1TP3 T n\u00e3o utiliza cookies para recuperar informa\u00e7\u00f5es pessoais sobre si do seu computador Esta pol\u00edtica n\u00e3o cobre a utiliza\u00e7\u00e3o de cookies por quaisquer anunciantes no nosso site Houma 1TP3 T utiliza cookies para:<\/p><ul><li>Localize o seu nome e informa\u00e7\u00f5es da conta quando voc\u00ea fizer login no seu Centro de Treinamento Houma 1TP3 T para que voc\u00ea possa acessar as informa\u00e7\u00f5es da sua conta Quando voc\u00ea fizer login, o cookie \u00e9 definido e, quando voc\u00ea sair, o cookie \u00e9 modificado.<\/li><li>Estime o tamanho do nosso p\u00fablico Cada navegador que visita o nosso site recebe um cookie exclusivo, que \u00e9 ent\u00e3o usado para determinar a extens\u00e3o das visitas repetidas e o n\u00famero de visitantes \u00fanicos.<\/li><\/ul><h4><strong><b>Seu Consentimento<\/b><\/strong><\/h4><p>Ao utilizar o nosso site, voc\u00ea concorda com a coleta e uso dessas informa\u00e7\u00f5es pela Houma Chunlei. Se decidirmos alterar nossa pol\u00edtica de privacidade, publicaremos essas altera\u00e7\u00f5es nesta p\u00e1gina para que voc\u00ea esteja sempre ciente de quais informa\u00e7\u00f5es coletamos, como utilizamos e em que circunst\u00e2ncias as divulgamos.<\/p><h4><strong><b>Pol\u00edtica de entrada\/sa\u00edda<\/b><\/strong><\/h4><p>Ap\u00f3s o registro ou envio de informa\u00e7\u00f5es pessoais, Houma Chunlei oferece-lhe uma escolha sobre a recep\u00e7\u00e3o de mais comunica\u00e7\u00f5es de Houma Chunlei. Se voc\u00ea optar por receber estas comunica\u00e7\u00f5es, Houma Chunlei ir\u00e1 ocasionalmente enviar-lhe E-mails ou correio postal sobre produtos e servi\u00e7os que sentimos que podem ser de seu interesse Para n\u00e3o receber estas ofertas, basta seguir as instru\u00e7\u00f5es \u201cunsubscribe\u201d inclu\u00eddo em cada E-mail.<\/p><p>Se preferir deixar de receber informa\u00e7\u00f5es da Houma Chunlei via E-mail, poder\u00e1 optar por n\u00e3o receber essas comunica\u00e7\u00f5es seguindo as instru\u00e7\u00f5es inclu\u00eddas em cada E-mail Se preferir deixar de receber informa\u00e7\u00f5es do correio Houma Chunlei, contacte-nos em <a href=\"mailto:qqq005181@gmail.com\">qqq005181@gmail.com<\/a><br \/>\u00a0Houma Chunlei n\u00e3o vende, comercializa ou aluga suas informa\u00e7\u00f5es pessoais para terceiros.<\/p><h4><strong><b>Entrando em contato com o site<\/b><\/strong><\/h4><p>Se voc\u00ea tiver alguma d\u00favida sobre esta pol\u00edtica de privacidade, as pr\u00e1ticas deste site ou suas rela\u00e7\u00f5es com este site, entre em contato com:<a href=\"mailto:qqq005181@gmail.com\">qqq005181@gmail.com<\/a><\/p>\t\t\t\t\t\t\t\t<\/div>\n\t\t\t\t\t<\/div>\n\t\t\t\t<\/div>\n\t\t\t\t<\/div>","protected":false},"excerpt":{"rendered":"<p>Privacy Policy Home Privacy Policy Houma Chunlei Agricultural Co., Ltd\u00a0is committed to protecting your privacy and earning your trust. \u201cHouma Chunlei \u00a0does not sell, trade, or rent your personal information to others. This policy discloses the privacy practices for the \u201cHouma Chunlei \u00a0Web site. We use the information we collect about you from the \u201cHouma [&hellip;]<\/p>\n","protected":false},"author":1,"featured_media":0,"parent":0,"menu_order":0,"comment_status":"closed","ping_status":"closed","template":"","meta":{"footnotes":""},"class_list":["post-652","page","type-page","status-publish","hentry"],"_links":{"self":[{"href":"https:\/\/chunleiagriculture.com\/pt\/wp-json\/wp\/v2\/pages\/652","targetHints":{"allow":["GET"]}}],"collection":[{"href":"https:\/\/chunleiagriculture.com\/pt\/wp-json\/wp\/v2\/pages"}],"about":[{"href":"https:\/\/chunleiagriculture.com\/pt\/wp-json\/wp\/v2\/types\/page"}],"author":[{"embeddable":true,"href":"https:\/\/chunleiagriculture.com\/pt\/wp-json\/wp\/v2\/users\/1"}],"replies":[{"embeddable":true,"href":"https:\/\/chunleiagriculture.com\/pt\/wp-json\/wp\/v2\/comments?post=652"}],"version-history":[{"count":22,"href":"https:\/\/chunleiagriculture.com\/pt\/wp-json\/wp\/v2\/pages\/652\/revisions"}],"predecessor-version":[{"id":880,"href":"https:\/\/chunleiagriculture.com\/pt\/wp-json\/wp\/v2\/pages\/652\/revisions\/880"}],"wp:attachment":[{"href":"https:\/\/chunleiagriculture.com\/pt\/wp-json\/wp\/v2\/media?parent=652"}],"curies":[{"name":"wp","href":"https:\/\/api.w.org\/{rel}","templated":true}]}}