{"id":664,"date":"2026-05-06T05:06:17","date_gmt":"2026-05-06T05:06:17","guid":{"rendered":"https:\/\/chunleiagriculture.com\/?page_id=664"},"modified":"2026-05-09T07:35:38","modified_gmt":"2026-05-09T07:35:38","slug":"refund-policy","status":"publish","type":"page","link":"https:\/\/chunleiagriculture.com\/pt\/refund-policy\/","title":{"rendered":"Pol\u00edtica de reembolso"},"content":{"rendered":"<div data-elementor-type=\"wp-page\" data-elementor-id=\"664\" class=\"elementor elementor-664\" data-elementor-post-type=\"page\">\n\t\t\t\t\t\t<section class=\"elementor-section elementor-top-section elementor-element elementor-element-0dc5179 elementor-section-height-min-height elementor-section-boxed elementor-section-height-default elementor-section-items-middle\" data-id=\"0dc5179\" data-element_type=\"section\" data-e-type=\"section\" data-settings=\"{&quot;background_background&quot;:&quot;classic&quot;}\">\n\t\t\t\t\t\t\t<div class=\"elementor-background-overlay\"><\/div>\n\t\t\t\t\t\t\t<div class=\"elementor-container elementor-column-gap-default\">\n\t\t\t\t\t<div class=\"elementor-column elementor-col-100 elementor-top-column elementor-element elementor-element-9e0c680\" data-id=\"9e0c680\" data-element_type=\"column\" data-e-type=\"column\">\n\t\t\t<div class=\"elementor-widget-wrap elementor-element-populated\">\n\t\t\t\t\t\t<div class=\"elementor-element elementor-element-e155189 elementor-widget elementor-widget-heading\" data-id=\"e155189\" data-element_type=\"widget\" data-e-type=\"widget\" data-widget_type=\"heading.default\">\n\t\t\t\t\t<h1 class=\"elementor-heading-title elementor-size-default\">Pol\u00edtica de reembolso<\/h1>\t\t\t\t<\/div>\n\t\t\t\t<div class=\"elementor-element elementor-element-78f3e39 elementor-icon-list--layout-inline elementor-align-center elementor-mobile-align-start elementor-list-item-link-full_width elementor-widget elementor-widget-icon-list\" data-id=\"78f3e39\" data-element_type=\"widget\" data-e-type=\"widget\" data-widget_type=\"icon-list.default\">\n\t\t\t\t\t\t\t<ul class=\"elementor-icon-list-items elementor-inline-items\">\n\t\t\t\t\t\t\t<li class=\"elementor-icon-list-item elementor-inline-item\">\n\t\t\t\t\t\t\t\t\t\t\t<a href=\"https:\/\/chunleiagriculture.com\/pt\/\">\n\n\t\t\t\t\t\t\t\t\t\t\t<span class=\"elementor-icon-list-text\">Casa<\/span>\n\t\t\t\t\t\t\t\t\t\t\t<\/a>\n\t\t\t\t\t\t\t\t\t<\/li>\n\t\t\t\t\t\t\t\t<li class=\"elementor-icon-list-item elementor-inline-item\">\n\t\t\t\t\t\t\t\t\t\t\t<span class=\"elementor-icon-list-icon\">\n\t\t\t\t\t\t\t<i aria-hidden=\"true\" class=\"icon icon-right-arrow1\"><\/i>\t\t\t\t\t\t<\/span>\n\t\t\t\t\t\t\t\t\t\t<span class=\"elementor-icon-list-text\">Pol\u00edtica de reembolso<\/span>\n\t\t\t\t\t\t\t\t\t<\/li>\n\t\t\t\t\t\t<\/ul>\n\t\t\t\t\t\t<\/div>\n\t\t\t\t\t<\/div>\n\t\t<\/div>\n\t\t\t\t\t<\/div>\n\t\t<\/section>\n\t\t<div class=\"elementor-element elementor-element-e2cc8da e-flex e-con-boxed e-con e-parent\" data-id=\"e2cc8da\" data-element_type=\"container\" data-e-type=\"container\">\n\t\t\t\t\t<div class=\"e-con-inner\">\n\t\t\t\t<div class=\"elementor-element elementor-element-1474624 elementor-widget elementor-widget-text-editor\" data-id=\"1474624\" data-element_type=\"widget\" data-e-type=\"widget\" data-widget_type=\"text-editor.default\">\n\t\t\t\t\t\t\t\t\t<p><strong><b>Houma Chunlei Agricultural Co., Ltd.<\/b><\/strong>n\u00f3s nos esfor\u00e7amos para fornecer produtos de alta qualidade e excelente atendimento ao cliente Entendemos que \u00e0s vezes um produto pode n\u00e3o atender \u00e0s suas expectativas Em tal evento, oferecemos uma pol\u00edtica de reembolso que permite que voc\u00ea devolva o produto dentro de um determinado per\u00edodo de tempo a partir da data de compra.<\/p><p>Observe que n\u00e3o podemos fazer nenhuma promessa ou garantia sobre o resultado de qualquer produto que oferecemos N\u00f3s nos esfor\u00e7amos para fornecer produtos de alta qualidade, mas o sucesso de qualquer produto depende de v\u00e1rios fatores que est\u00e3o fora do nosso controle Portanto, n\u00e3o podemos oferecer reembolsos com base no resultado de qualquer produto.<\/p><h5><strong><b>Nossa pol\u00edtica de reembolso \u00e9 a seguinte:<\/b><\/strong><\/h5><p>Se voc\u00ea n\u00e3o estiver satisfeito com o produto, poder\u00e1 ser eleg\u00edvel para devolu\u00e7\u00e3o.<\/p><p>Para iniciar uma devolu\u00e7\u00e3o, entre em contato conosco pelo e-mail:<a href=\"mailto:qqq005181@gmail.com\">qqq005181@gmail.com<\/a><\/p><p>O produto deve estar na embalagem original e em novas condi\u00e7\u00f5es para ser eleg\u00edvel para devolu\u00e7\u00e3o.<\/p><p>As taxas de envio e manuseio n\u00e3o s\u00e3o reembols\u00e1veis.<\/p><p>Assim que recebermos o produto, iremos avali\u00e1-lo e determinar se um retorno \u00e9 apropriado.<\/p><p>Observe que nos reservamos o direito de recusar uma devolu\u00e7\u00e3o se o produto n\u00e3o atender aos nossos crit\u00e9rios de pol\u00edtica de devolu\u00e7\u00e3o.<\/p><p>Se voc\u00ea tiver alguma d\u00favida ou preocupa\u00e7\u00e3o sobre nossa pol\u00edtica de reembolso, n\u00e3o hesite em nos contatar em:<a href=\"mailto:qqq005181@gmail.com\">qqq005181@gmail.com<\/a><\/p>\t\t\t\t\t\t\t\t<\/div>\n\t\t\t\t\t<\/div>\n\t\t\t\t<\/div>\n\t\t\t\t<\/div>","protected":false},"excerpt":{"rendered":"<p>Refund Policy Home Refund Policy Houma Chunlei Agricultural Co., Ltd.we strive to provide high-quality products and excellent customer service. We understand that sometimes a product may not meet your expectations. In such an event, we offer a refund policy that allows you to return the product within a certain period of time from the date [&hellip;]<\/p>\n","protected":false},"author":1,"featured_media":0,"parent":0,"menu_order":0,"comment_status":"closed","ping_status":"closed","template":"","meta":{"footnotes":""},"class_list":["post-664","page","type-page","status-publish","hentry"],"_links":{"self":[{"href":"https:\/\/chunleiagriculture.com\/pt\/wp-json\/wp\/v2\/pages\/664","targetHints":{"allow":["GET"]}}],"collection":[{"href":"https:\/\/chunleiagriculture.com\/pt\/wp-json\/wp\/v2\/pages"}],"about":[{"href":"https:\/\/chunleiagriculture.com\/pt\/wp-json\/wp\/v2\/types\/page"}],"author":[{"embeddable":true,"href":"https:\/\/chunleiagriculture.com\/pt\/wp-json\/wp\/v2\/users\/1"}],"replies":[{"embeddable":true,"href":"https:\/\/chunleiagriculture.com\/pt\/wp-json\/wp\/v2\/comments?post=664"}],"version-history":[{"count":13,"href":"https:\/\/chunleiagriculture.com\/pt\/wp-json\/wp\/v2\/pages\/664\/revisions"}],"predecessor-version":[{"id":877,"href":"https:\/\/chunleiagriculture.com\/pt\/wp-json\/wp\/v2\/pages\/664\/revisions\/877"}],"wp:attachment":[{"href":"https:\/\/chunleiagriculture.com\/pt\/wp-json\/wp\/v2\/media?parent=664"}],"curies":[{"name":"wp","href":"https:\/\/api.w.org\/{rel}","templated":true}]}}