{"id":674,"date":"2026-05-06T05:10:12","date_gmt":"2026-05-06T05:10:12","guid":{"rendered":"https:\/\/chunleiagriculture.com\/?page_id=674"},"modified":"2026-05-09T07:35:09","modified_gmt":"2026-05-09T07:35:09","slug":"shipping-policy","status":"publish","type":"page","link":"https:\/\/chunleiagriculture.com\/pt\/shipping-policy\/","title":{"rendered":"Pol\u00edtica de Envio"},"content":{"rendered":"<div data-elementor-type=\"wp-page\" data-elementor-id=\"674\" class=\"elementor elementor-674\" data-elementor-post-type=\"page\">\n\t\t\t\t\t\t<section class=\"elementor-section elementor-top-section elementor-element elementor-element-3ba1630 elementor-section-height-min-height elementor-section-boxed elementor-section-height-default elementor-section-items-middle\" data-id=\"3ba1630\" data-element_type=\"section\" data-e-type=\"section\" data-settings=\"{&quot;background_background&quot;:&quot;classic&quot;}\">\n\t\t\t\t\t\t\t<div class=\"elementor-background-overlay\"><\/div>\n\t\t\t\t\t\t\t<div class=\"elementor-container elementor-column-gap-default\">\n\t\t\t\t\t<div class=\"elementor-column elementor-col-100 elementor-top-column elementor-element elementor-element-a3e2dae\" data-id=\"a3e2dae\" data-element_type=\"column\" data-e-type=\"column\">\n\t\t\t<div class=\"elementor-widget-wrap elementor-element-populated\">\n\t\t\t\t\t\t<div class=\"elementor-element elementor-element-85e8e1d elementor-widget elementor-widget-heading\" data-id=\"85e8e1d\" data-element_type=\"widget\" data-e-type=\"widget\" data-widget_type=\"heading.default\">\n\t\t\t\t\t<h1 class=\"elementor-heading-title elementor-size-default\">Pol\u00edtica de Envio<\/h1>\t\t\t\t<\/div>\n\t\t\t\t<div class=\"elementor-element elementor-element-4122c33 elementor-icon-list--layout-inline elementor-align-center elementor-mobile-align-start elementor-list-item-link-full_width elementor-widget elementor-widget-icon-list\" data-id=\"4122c33\" data-element_type=\"widget\" data-e-type=\"widget\" data-widget_type=\"icon-list.default\">\n\t\t\t\t\t\t\t<ul class=\"elementor-icon-list-items elementor-inline-items\">\n\t\t\t\t\t\t\t<li class=\"elementor-icon-list-item elementor-inline-item\">\n\t\t\t\t\t\t\t\t\t\t\t<a href=\"https:\/\/chunleiagriculture.com\/pt\/\">\n\n\t\t\t\t\t\t\t\t\t\t\t<span class=\"elementor-icon-list-text\">Casa<\/span>\n\t\t\t\t\t\t\t\t\t\t\t<\/a>\n\t\t\t\t\t\t\t\t\t<\/li>\n\t\t\t\t\t\t\t\t<li class=\"elementor-icon-list-item elementor-inline-item\">\n\t\t\t\t\t\t\t\t\t\t\t<span class=\"elementor-icon-list-icon\">\n\t\t\t\t\t\t\t<i aria-hidden=\"true\" class=\"icon icon-right-arrow1\"><\/i>\t\t\t\t\t\t<\/span>\n\t\t\t\t\t\t\t\t\t\t<span class=\"elementor-icon-list-text\">Pol\u00edtica de Envio<\/span>\n\t\t\t\t\t\t\t\t\t<\/li>\n\t\t\t\t\t\t<\/ul>\n\t\t\t\t\t\t<\/div>\n\t\t\t\t\t<\/div>\n\t\t<\/div>\n\t\t\t\t\t<\/div>\n\t\t<\/section>\n\t\t<div class=\"elementor-element elementor-element-0963b7c e-flex e-con-boxed e-con e-parent\" data-id=\"0963b7c\" data-element_type=\"container\" data-e-type=\"container\">\n\t\t\t\t\t<div class=\"e-con-inner\">\n\t\t\t\t<div class=\"elementor-element elementor-element-7f5abee elementor-widget elementor-widget-text-editor\" data-id=\"7f5abee\" data-element_type=\"widget\" data-e-type=\"widget\" data-widget_type=\"text-editor.default\">\n\t\t\t\t\t\t\t\t\t<main id=\"content\" class=\"site-main post-298 page type-page status-publish hentry\"><\/main><div class=\"page-content\"><div class=\"elementor elementor-298\" data-elementor-type=\"wp-page\" data-elementor-id=\"298\" data-elementor-post-type=\"page\"><div class=\"elementor-element elementor-element-eea8476 e-flex e-con-boxed e-con e-parent e-lazyloaded\" data-id=\"eea8476\" data-element_type=\"container\" data-e-type=\"container\"><div class=\"e-con-inner\"><div class=\"elementor-element elementor-element-a8c9a6c elementor-widget elementor-widget-text-editor\" data-id=\"a8c9a6c\" data-element_type=\"widget\" data-e-type=\"widget\" data-widget_type=\"text-editor.default\"><p>At <strong>Houma Chunlei Agricultural Co., Ltd.<\/strong> n\u00f3s nos esfor\u00e7amos para fornecer entrega oportuna e eficiente de nossos produtos aos nossos clientes Enviamos nossos produtos para clientes tanto no mercado interno quanto internacionalmente.<\/p><p><strong>Envio Dom\u00e9stico:<\/strong><br \/>Enviamos nossos produtos para a China continental por meio de diversas transportadoras, dependendo do produto e da localiza\u00e7\u00e3o do cliente.<br \/>As taxas de envio dom\u00e9stico podem variar dependendo do peso e tamanho do produto, bem como do destino do envio.<br \/>O prazo de entrega estimado para remessas dom\u00e9sticas \u00e9 normalmente dentro de 3-7 dias \u00fateis, dependendo da transportadora e do destino do envio.<\/p><p><strong>Envio Internacional:<\/strong><br \/>Enviamos nossos produtos para clientes internacionais atrav\u00e9s de diversas transportadoras, dependendo do produto e da localiza\u00e7\u00e3o do cliente.<br \/>As taxas de envio internacionais podem variar dependendo do peso e tamanho do produto, bem como do destino do envio.<br \/>O prazo de entrega estimado para remessas internacionais varia dependendo da transportadora e do destino do envio Os prazos de entrega podem ser afetados pela alf\u00e2ndega e outros fatores fora do nosso controle.<br \/>Observe que n\u00e3o somos respons\u00e1veis por quaisquer direitos aduaneiros, impostos ou taxas que possam ser impostas pelo pa\u00eds de destino. O cliente \u00e9 respons\u00e1vel por tais taxas.<\/p><p>Se voc\u00ea tiver alguma d\u00favida ou preocupa\u00e7\u00e3o sobre o envio, n\u00e3o hesite em nos contatar em <a href=\"mailto:qqq005181@gmail.com\">qqq005181@gmail.com<\/a><\/p><\/div><\/div><\/div><\/div><\/div><p>\u00a0<\/p>\t\t\t\t\t\t\t\t<\/div>\n\t\t\t\t\t<\/div>\n\t\t\t\t<\/div>\n\t\t\t\t<\/div>","protected":false},"excerpt":{"rendered":"<p>Shipping Policy Home Shipping Policy At Houma Chunlei Agricultural Co., Ltd. we strive to provide timely and efficient delivery of our products to our customers. We ship our products to customers both domestically and internationally. Domestic Shipping:We ship our products within mainland China via various shipping carriers, depending on the product and the location of [&hellip;]<\/p>\n","protected":false},"author":1,"featured_media":0,"parent":0,"menu_order":0,"comment_status":"closed","ping_status":"closed","template":"","meta":{"footnotes":""},"class_list":["post-674","page","type-page","status-publish","hentry"],"_links":{"self":[{"href":"https:\/\/chunleiagriculture.com\/pt\/wp-json\/wp\/v2\/pages\/674","targetHints":{"allow":["GET"]}}],"collection":[{"href":"https:\/\/chunleiagriculture.com\/pt\/wp-json\/wp\/v2\/pages"}],"about":[{"href":"https:\/\/chunleiagriculture.com\/pt\/wp-json\/wp\/v2\/types\/page"}],"author":[{"embeddable":true,"href":"https:\/\/chunleiagriculture.com\/pt\/wp-json\/wp\/v2\/users\/1"}],"replies":[{"embeddable":true,"href":"https:\/\/chunleiagriculture.com\/pt\/wp-json\/wp\/v2\/comments?post=674"}],"version-history":[{"count":16,"href":"https:\/\/chunleiagriculture.com\/pt\/wp-json\/wp\/v2\/pages\/674\/revisions"}],"predecessor-version":[{"id":874,"href":"https:\/\/chunleiagriculture.com\/pt\/wp-json\/wp\/v2\/pages\/674\/revisions\/874"}],"wp:attachment":[{"href":"https:\/\/chunleiagriculture.com\/pt\/wp-json\/wp\/v2\/media?parent=674"}],"curies":[{"name":"wp","href":"https:\/\/api.w.org\/{rel}","templated":true}]}}