{"id":433,"date":"2026-04-30T03:49:06","date_gmt":"2026-04-30T03:49:06","guid":{"rendered":"https:\/\/chunleiagriculture.com\/?post_type=product&#038;p=433"},"modified":"2026-05-07T01:07:30","modified_gmt":"2026-05-07T01:07:30","slug":"mineral-derived-potassium-fulvate","status":"publish","type":"product","link":"https:\/\/chunleiagriculture.com\/pt\/product\/mineral-derived-potassium-fulvate\/","title":{"rendered":"Fulvato de Pot\u00e1ssio derivado de minerais"},"content":{"rendered":"<p><strong>I. Ingredientes Chave<\/strong><br \/>\n\u00c1cido F\u00falvico \u226550%, \u00d3xido de Pot\u00e1ssio (K2O) \u226512%; Formula\u00e7\u00e3o totalmente sol\u00favel em \u00e1gua, de mol\u00e9culas pequenas, de a\u00e7\u00e3o r\u00e1pida.<br \/>\n<strong>II. M\u00e9todos de Aplica\u00e7\u00e3o<\/strong><br \/>\nAdequado para irriga\u00e7\u00e3o com descarga, irriga\u00e7\u00e3o por gotejamento, encharcamento de ra\u00edzes e pulveriza\u00e7\u00e3o foliar; aplic\u00e1vel a todas as culturas ao longo de todo o seu ciclo de crescimento.<br \/>\n<strong>III. Posologia<\/strong><br \/>\nIrriga\u00e7\u00e3o de descarga (Flush Irrigation)\/Drip Irrigation: 50 1000 gramas por m (aprox. 667 m\u00b2), aplicado uma vez a cada 1015 dias.<br \/>\nPulveriza\u00e7\u00e3o Foliar 150: Diluir 2000 vezes com \u00e1gua.<br \/>\n<strong>IV. Benef\u00edcios B\u00e1sicos<\/strong><br \/>\nPromove o r\u00e1pido desenvolvimento radicular; fortalece as mudas e evita o crescimento atrofiado.<br \/>\nMobiliza f\u00f3sforo e ativa pot\u00e1ssio; melhora a efici\u00eancia de utiliza\u00e7\u00e3o de fertilizantes.<br \/>\nMelhora solos salino-alcalinos e compactados; aumenta a resist\u00eancia \u00e0 seca e a toler\u00e2ncia ao cultivo cont\u00ednuo.<br \/>\nPromove a expans\u00e3o dos frutos e aumenta a do\u00e7ura; melhora a qualidade geral da cultura.<br \/>\n<strong>V. Precau\u00e7\u00f5es<\/strong><br \/>\nN\u00e3o misture com \u00e1cidos fortes ou fertilizantes de c\u00e1lcio e magn\u00e9sio de alta concentra\u00e7\u00e3o.<br \/>\nEm condi\u00e7\u00f5es de tempo seco, irrigue o solo primeiro antes da aplica\u00e7\u00e3o.<br \/>\nEste produto serve como um potenciador sin\u00e9rgico e n\u00e3o pode substituir fertilizantes qu\u00edmicos prim\u00e1rios.<br \/>\n<img fetchpriority=\"high\" decoding=\"async\" class=\"alignnone wp-image-717 size-full\" src=\"https:\/\/chunleiagriculture.com\/wp-content\/uploads\/2026\/04\/tu-25.jpg\" alt=\"\" width=\"1920\" height=\"539\" srcset=\"https:\/\/chunleiagriculture.com\/wp-content\/uploads\/2026\/04\/tu-25.jpg 1920w, https:\/\/chunleiagriculture.com\/wp-content\/uploads\/2026\/04\/tu-25-300x84.jpg 300w, https:\/\/chunleiagriculture.com\/wp-content\/uploads\/2026\/04\/tu-25-1024x287.jpg 1024w, https:\/\/chunleiagriculture.com\/wp-content\/uploads\/2026\/04\/tu-25-768x216.jpg 768w, https:\/\/chunleiagriculture.com\/wp-content\/uploads\/2026\/04\/tu-25-1536x431.jpg 1536w, https:\/\/chunleiagriculture.com\/wp-content\/uploads\/2026\/04\/tu-25-600x168.jpg 600w\" sizes=\"(max-width: 1920px) 100vw, 1920px\" \/><\/p>\n<div class=\"simg-pop-btn\" style=\"top: 832.616px; left: 14px; display: none;\"><\/div>\n<div class=\"simg-pop-btn\" style=\"top: 832.616px; left: 14px; display: none;\"><\/div>","protected":false},"excerpt":{"rendered":"<p>Este produto \u00e9 um fertilizante totalmente sol\u00favel em \u00e1gua e de a\u00e7\u00e3o r\u00e1pida composto por nutrientes de mol\u00e9culas pequenas, contendo \u00e1cido f\u00falvico \u2265501TP6 T e \u00f3xido de pot\u00e1ssio \u2265121TP6 T. \u00c9 adequado para v\u00e1rios m\u00e9todos de aplica\u00e7\u00e3o, incluindo encharcamento, irriga\u00e7\u00e3o por gotejamento e pulveriza\u00e7\u00e3o foliar Oferece benef\u00edcios sin\u00e9rgicos, como promover o crescimento das ra\u00edzes e fortalecer as mudas, mobilizar f\u00f3sforo e ativar o pot\u00e1ssio, melhorar a estrutura do solo e aumentar a expans\u00e3o e a do\u00e7ura dos frutos; no entanto, n\u00e3o se destina a servir como substituto de fertilizantes qu\u00edmicos prim\u00e1rios.<\/p>","protected":false},"featured_media":221,"comment_status":"open","ping_status":"closed","template":"","meta":[],"product_brand":[],"product_cat":[24],"product_tag":[],"class_list":{"0":"post-433","1":"product","2":"type-product","3":"status-publish","4":"has-post-thumbnail","6":"product_cat-potassium-fulvate-series","8":"first","9":"instock","10":"shipping-taxable","11":"product-type-simple"},"_links":{"self":[{"href":"https:\/\/chunleiagriculture.com\/pt\/wp-json\/wp\/v2\/product\/433","targetHints":{"allow":["GET"]}}],"collection":[{"href":"https:\/\/chunleiagriculture.com\/pt\/wp-json\/wp\/v2\/product"}],"about":[{"href":"https:\/\/chunleiagriculture.com\/pt\/wp-json\/wp\/v2\/types\/product"}],"replies":[{"embeddable":true,"href":"https:\/\/chunleiagriculture.com\/pt\/wp-json\/wp\/v2\/comments?post=433"}],"wp:featuredmedia":[{"embeddable":true,"href":"https:\/\/chunleiagriculture.com\/pt\/wp-json\/wp\/v2\/media\/221"}],"wp:attachment":[{"href":"https:\/\/chunleiagriculture.com\/pt\/wp-json\/wp\/v2\/media?parent=433"}],"wp:term":[{"taxonomy":"product_brand","embeddable":true,"href":"https:\/\/chunleiagriculture.com\/pt\/wp-json\/wp\/v2\/product_brand?post=433"},{"taxonomy":"product_cat","embeddable":true,"href":"https:\/\/chunleiagriculture.com\/pt\/wp-json\/wp\/v2\/product_cat?post=433"},{"taxonomy":"product_tag","embeddable":true,"href":"https:\/\/chunleiagriculture.com\/pt\/wp-json\/wp\/v2\/product_tag?post=433"}],"curies":[{"name":"wp","href":"https:\/\/api.w.org\/{rel}","templated":true}]}}