{"id":434,"date":"2026-04-30T03:57:14","date_gmt":"2026-04-30T03:57:14","guid":{"rendered":"https:\/\/chunleiagriculture.com\/?post_type=product&#038;p=434"},"modified":"2026-04-30T03:57:14","modified_gmt":"2026-04-30T03:57:14","slug":"potassium-humate","status":"publish","type":"product","link":"https:\/\/chunleiagriculture.com\/pt\/product\/potassium-humate\/","title":{"rendered":"Pot\u00e1ssio Humate"},"content":{"rendered":"<p><strong>I. Vis\u00e3o geral do n\u00facleo<\/strong><br \/>\nMat\u00e9rias-primas: Extra\u00eddo de linhita natural\/carv\u00e3o intemperizado e refinado atrav\u00e9s de um processo de ativa\u00e7\u00e3o sol\u00favel em \u00e1gua. **Forma F\u00edsica: ** Um p\u00f3 preto fino que \u00e9 completamente sol\u00favel em \u00e1gua sem res\u00edduos; exibe forte resist\u00eancia \u00e0 \u00e1gua dura, dissolve-se facilmente e n\u00e3o entupe tubos de irriga\u00e7\u00e3o. ** Posicionamento do N\u00facleo: ** Um fertilizante sol\u00favel em \u00e1gua especializado projetado especificamente para uso como fertilizante basal (curativo base) \u00c9 adequado para uma ampla variedade de culturas, incluindo mel\u00f5es, frutas, vegetais, culturas de campo e \u00e1rvores frut\u00edferas e enriquece em nutrir a base, estimular a terra e estimular o crescimento das ra\u00edzes Ele estabelece uma base s\u00f3lida para todo o ciclo de crescimento da cultura e pode ser aplicado diretamente via drenching basal ou gotejamento sem a necessidade de processamento adicional.<\/p>\n<p>Especifica\u00e7\u00f5es principais (em conformidade com o padr\u00e3o NY1106-2010): \u00c1cido h\u00famico (base seca) \u2265 45%-55%; \u00d3xido de pot\u00e1ssio (K2 O) \u2265 8%-10%; Solubilidade em \u00e1gua \u2265 95%; Mat\u00e9ria insol\u00favel em \u00e1gua \u22645%; pH: 7,5-9,5; Finura: malha 100 (forma de p\u00f3). **Embalagem Comum:** 1 kg\/saco ou 25 kg\/saco (embalagem selada \u00e0 prova de umidade). **Vida de prateleira:** 3 anos.<\/p>\n<p><strong>II. Fun\u00e7\u00f5es Principais (Especializadas para Aplica\u00e7\u00e3o Basal: 4 Benef\u00edcios Principais)<\/strong><\/p>\n<p>Enriquecer o solo e nutrir a base: melhora a estrutura agregada do solo, solta o solo compactado, mitiga a saliniza\u00e7\u00e3o do solo, reabastece a mat\u00e9ria org\u00e2nica do solo, ativa microrganismos do solo e aumenta a capacidade de reten\u00e7\u00e3o de \u00e1gua e de nutrientes do solo. Melhora fundamentalmente o ambiente do solo e alivia os efeitos adversos do cultivo cont\u00ednuo (recorte).<\/p>\n<p>Promover a Raiz &amp; Fortalecer Mudas: Na aplica\u00e7\u00e3o basal, penetra rapidamente nas camadas mais profundas do solo, estimulando o espessamento das ra\u00edzes prim\u00e1rias e a prolifera\u00e7\u00e3o de ra\u00edzes fibrosas, Ele aumenta a capacidade do sistema radicular de ancorar firmemente no solo, fornece ampla nutri\u00e7\u00e3o para as culturas durante a fase de pl\u00e2ntulas, e reduz a incid\u00eancia de mortalidade de pl\u00e2ntulas e crescimento fraco.<\/p>\n<p>Fix Nutrients &amp; Boost Efficiency: quelatos de nitrog\u00eanio, f\u00f3sforo, pot\u00e1ssio pouco sol\u00faveis, bem como elementos m\u00e9dios e vestigiais presentes no solo Isso minimiza a perda de nutrientes do fertilizante basal, melhora significativamente a efici\u00eancia de utiliza\u00e7\u00e3o de nutrientes e estende a dura\u00e7\u00e3o da efic\u00e1cia do fertilizante, garantindo um fornecimento cont\u00ednuo de nutrientes ao longo de todo o ciclo de crescimento da cultura, reduzindo o custo do top-dressing subsequente.<\/p>\n<p>Melhorar a resist\u00eancia ao estresse &amp; Proteger o solo: Regula os n\u00edveis de pH do solo e melhora o ambiente micro-ecol\u00f3gico do solo Ele aumenta a resist\u00eancia da cultura ao frio, seca e doen\u00e7as transmitidas pelo solo, ao mesmo tempo em que protege popula\u00e7\u00f5es microbianas ben\u00e9ficas do solo, estabelecendo assim uma base robusta do solo para o crescimento ideal da cultura III. Uso e dosagem (projetado para fertiliza\u00e7\u00e3o de base; adequado para todos os tipos de culturas)<\/p>\n<p>Culturas de Campo (Trigo, Milho, Milho): Antes da semeadura ou transplante, aplique 500g por m, dilu\u00eddo em 30 kg de \u00e1gua. Aplicar arroz via irriga\u00e7\u00e3o por inunda\u00e7\u00e3o ou irriga\u00e7\u00e3o por gotejamento em todo o campo; ap\u00f3s a aplica\u00e7\u00e3o, at\u00e9 que o solo misture bem o fertilizante do solo.<\/p>\n<p>Legumes (Tomates, Pepinos): 3 dias, 5 dias de transplante, aplicar 8000g por m, dilu\u00eddo em 400kg de \u00e1gua. Apply via irriga\u00e7\u00e3o por inunda\u00e7\u00e3o ou irriga\u00e7\u00e3o por gotejamento diretamente nas fileiras para fornecer nutrientes para o desenvolvimento das ra\u00edzes ap\u00f3s o transplante.<\/p>\n<p>\u00c1rvores Frut\u00edferas (Ma\u00e7\u00e3s, Citrinos, Uvas): Ap\u00f3s a fertiliza\u00e7\u00e3o \u00e0 base de outono\/inverno ou antes da pausa da primavera bud, aplicar 1,5 kg por m, dilu\u00eddo em 50 kg de \u00e1gua Apply via irriga\u00e7\u00e3o por gotejamento ou irriga\u00e7\u00e3o por inunda\u00e7\u00e3o ao redor da linha de gotejamento do dossel das \u00e1rvores para melhorar a qualidade do solo do pomar e promover o rejuvenescimento do sistema radicular.<\/p>\n<p>Ajustes Especiais: Para solos alcalinos-alcalinos, solos est\u00e9reis ou campos com problemas de cultivo cont\u00ednuo, a dosagem pode ser aumentada em 20%. Para resultados aprimorados, este produto pode ser misturado e aplicado como fertilizante b\u00e1sico em conjunto com fertilizantes org\u00e2nicos ou fertilizantes compostos; isso pode permitir uma redu\u00e7\u00e3o de 10% na dosagem de fertilizantes compostos.<\/p>\n<p><strong>IV. Precau\u00e7\u00f5es Chave<\/strong><\/p>\n<p>M\u00e9todo de dissolu\u00e7\u00e3o Adicione sempre \u00e1gua primeiramente, adicione o fertilizante adicione ent\u00e3o completamente para assegurar a dissolu\u00e7\u00e3o completa Para a efici\u00eancia melhorada da dissolu\u00e7\u00e3o, pode ser pr\u00e9-ativado na \u00e1gua morna por 5 minutos:Al0 o produto dissolvido no mesmo dia que \u00e9 preparado para impedir a flocula\u00e7\u00e3o ou a precipita\u00e7\u00e3o causada pelo armazenamento prolongado.<\/p>\n<p>Restri\u00e7\u00f5es de mistura: Evite a mistura direta com fertilizantes alcalinos \u00e1cidos ou fortes fortes fortes Ao usar em combina\u00e7\u00e3o com fertilizantes compostos ou fertilizantes org\u00e2nicos, dissolva cada produto separadamente antes de mistur\u00e1-los; n\u00e3o misture diretamente os fertilizantes s\u00f3lidos a seco, pois isso pode levar \u00e0 aglomera\u00e7\u00e3o e comprometer a efic\u00e1cia da aplica\u00e7\u00e3o.<\/p>\n<p>Tempo de aplica\u00e7\u00e3o: A fertiliza\u00e7\u00e3o de base deve ser realizada 7 dias antes da semeadura ou transplante da cultura Ap\u00f3s a aplica\u00e7\u00e3o, recomenda-se at\u00e9 o solo para garantir o contato total entre o fertilizante e o solo, maximizando assim a efici\u00eancia de absor\u00e7\u00e3o de nutrientes Evite a aplica\u00e7\u00e3o durante o tempo chuvoso para evitar o escoamento e a perda de nutrientes Requisitos de armazenamento: Armazenar em um local seco e bem ventilado longe da luz direta, chamas abertas, fontes de calor e crian\u00e7as Evite a umidade ou umidade Reveda o recipiente imediatamente ap\u00f3s a abertura. Pode ocorrer aglomera\u00e7\u00e3o menor; simplesmente esmague os aglomerados para restaurar o produto a um estado utiliz\u00e1vel Consuma o produto dentro de 60 dias ap\u00f3s a abertura.<\/p>\n<p>1 D controle de Dosagem: Quando usado como fertilizante de base, a taxa de aplica\u00e7\u00e3o \u00fanica n\u00e3o deve exceder 1,5 kg por mu para evitar a aplica\u00e7\u00e3o excessiva, o que poderia levar a um n\u00edvel elevado de pH do solo Recomenda-se ajustar a dosagem com base em condi\u00e7\u00f5es espec\u00edficas de fertilidade do solo; para usu\u00e1rios iniciantes, recomenda-se uma aplica\u00e7\u00e3o experimental em pequena escala.<\/p>\n<p><strong>V. Vantagens Fundamentais<\/strong><\/p>\n<p>Altamente especializado e adapt\u00e1vel para uso como fertilizante de base \u00c9 totalmente sol\u00favel em \u00e1gua com res\u00edduo zero, garantindo que n\u00e3o entupir linhas de irriga\u00e7\u00e3o e permite uma aplica\u00e7\u00e3o conveniente Penetra rapidamente nas camadas mais profundas do solo O produto concentra-se no condicionamento do solo e estimula\u00e7\u00e3o das ra\u00edzes, estabelecendo uma base s\u00f3lida para o ciclo de crescimento da cultura enquanto reduz a incid\u00eancia de doen\u00e7as em est\u00e1gio avan\u00e7ado e a necessidade de posterior top-dressing Oferece excelente custo-efetividade, entregando resultados superiores com uma taxa de aplica\u00e7\u00e3o menor em compara\u00e7\u00e3o com aditivos de fertilizantes de base padr\u00e3o N\u00e3o deixa res\u00edduos nocivos nas culturas ou no solo, garantindo altos n\u00edveis de seguran\u00e7a Compat\u00edvel com v\u00e1rios tipos de solo e culturas, \u00e9 particularmente eficaz para melhorar a qualidade de campos continuamente cultivados e terras \u00e1ridas.<\/p>","protected":false},"excerpt":{"rendered":"<p>Este produto \u00e9 um fertilizante basal especializado altamente ativo, totalmente sol\u00favel em \u00e1gua, resistente \u00e0 \u00e1gua dura e n\u00e3o obstruindo, \u00e0 base de humato de pot\u00e1ssio derivado de minerais Ao melhorar a estrutura do solo, promover o desenvolvimento das ra\u00edzes e o vigor das mudas e aumentar a efici\u00eancia da utiliza\u00e7\u00e3o do nitrog\u00eanio, estabelece uma base saud\u00e1vel para todos os tipos de culturas ao longo de todo o seu ciclo de crescimento.<\/p>","protected":false},"featured_media":236,"comment_status":"open","ping_status":"closed","template":"","meta":[],"product_brand":[],"product_cat":[24],"product_tag":[],"class_list":{"0":"post-434","1":"product","2":"type-product","3":"status-publish","4":"has-post-thumbnail","6":"product_cat-potassium-fulvate-series","8":"first","9":"instock","10":"shipping-taxable","11":"product-type-simple"},"_links":{"self":[{"href":"https:\/\/chunleiagriculture.com\/pt\/wp-json\/wp\/v2\/product\/434","targetHints":{"allow":["GET"]}}],"collection":[{"href":"https:\/\/chunleiagriculture.com\/pt\/wp-json\/wp\/v2\/product"}],"about":[{"href":"https:\/\/chunleiagriculture.com\/pt\/wp-json\/wp\/v2\/types\/product"}],"replies":[{"embeddable":true,"href":"https:\/\/chunleiagriculture.com\/pt\/wp-json\/wp\/v2\/comments?post=434"}],"wp:featuredmedia":[{"embeddable":true,"href":"https:\/\/chunleiagriculture.com\/pt\/wp-json\/wp\/v2\/media\/236"}],"wp:attachment":[{"href":"https:\/\/chunleiagriculture.com\/pt\/wp-json\/wp\/v2\/media?parent=434"}],"wp:term":[{"taxonomy":"product_brand","embeddable":true,"href":"https:\/\/chunleiagriculture.com\/pt\/wp-json\/wp\/v2\/product_brand?post=434"},{"taxonomy":"product_cat","embeddable":true,"href":"https:\/\/chunleiagriculture.com\/pt\/wp-json\/wp\/v2\/product_cat?post=434"},{"taxonomy":"product_tag","embeddable":true,"href":"https:\/\/chunleiagriculture.com\/pt\/wp-json\/wp\/v2\/product_tag?post=434"}],"curies":[{"name":"wp","href":"https:\/\/api.w.org\/{rel}","templated":true}]}}