{"id":436,"date":"2026-04-30T05:36:07","date_gmt":"2026-04-30T05:36:07","guid":{"rendered":"https:\/\/chunleiagriculture.com\/?post_type=product&#038;p=436"},"modified":"2026-05-06T00:56:33","modified_gmt":"2026-05-06T00:56:33","slug":"raw-humic-acid-powder","status":"publish","type":"product","link":"https:\/\/chunleiagriculture.com\/pt\/product\/raw-humic-acid-powder\/","title":{"rendered":"P\u00f3 \u00c1cido H\u00famico Cru"},"content":{"rendered":"<p><strong>I. Taxas de aplica\u00e7\u00e3o recomendadas (por tonelada de produto acabado)<\/strong><br \/>\nPadr\u00e3o P\u00f3 em p\u00f3: 5 Org\u00e2nico Fertilizante 10 kg\/ton (Aprimora o teor de mat\u00e9ria org\u00e2nica; acelera a matura\u00e7\u00e3o)<br \/>\nPremium Organic (Organic Fertilizer): 15 Bio-3 kg\/ton (Melhoria do solo + Raiz + Resist\u00eancia ao estresse)<br \/>\nFertilizante Composto Org\u00e2nico-Inorg\u00e2nico: 100 kg\/ton (helatos m\u00e9dios e oligoelementos; melhora a efici\u00eancia de utiliza\u00e7\u00e3o do NPK)<br \/>\nEst\u00e1gio de matura\u00e7\u00e3o e estampa (estrume de frango\/estrume de ovelha\/palha de colheita): 5 dias de fermenta\u00e7\u00e3o kg por tonelada de mat\u00e9ria-prima; per\u00edodo de matura\u00e7\u00e3o curto de 710 dias; reduz a volatiliza\u00e7\u00e3o da am\u00f4nia; aumenta o teor de mat\u00e9ria org\u00e2nica em 15%.<br \/>\n<strong>II. Etapas e Procedimentos de Aplica\u00e7\u00e3o (Implementa\u00e7\u00e3o Direta para Oficinas de Produ\u00e7\u00e3o)<\/strong><br \/>\nPr\u00e9-tratamento de mat\u00e9ria-prima (recomendado)<br \/>\nPeneire o p\u00f3 bruto 80 atrav\u00e9s de uma tela de malha 800 para evitar primeiro a aglomera\u00e7\u00e3o; pr\u00e9-mistura separadamente com uma pequena quantidade de fertilizante org\u00e2nico antes de combinar os materiais a granel para garantir uma dispers\u00e3o mais uniforme.<br \/>\nEst\u00e1gio de fermenta\u00e7\u00e3o e matura\u00e7\u00e3o (mais eficaz)<br \/>\nAdicionar ao vale de fermenta\u00e7\u00e3o juntamente com inoculantes microbianos e res\u00edduos de palha\/estrume; gire a pilha de composto 23 vezes O \u00e1cido f\u00falvico atua como fonte de carbono, ativando micr\u00f3bios ben\u00e9ficos, diminuindo temperaturas, eliminando odores e evitando queimaduras por mudas de \u201c.\u201d<br \/>\nMistura\/Granula\u00e7\u00e3o de Produto Acabado (Mais Usado)<br \/>\nFertilizante em p\u00f3: Mistura seca direta por 510 minutos, seguida de triagem e embalagem.<br \/>\nFertilizante Granular: Misture antes da granula\u00e7\u00e3o (usando m\u00e9todos de disco ou extrus\u00e3o).O \u00e1cido f\u00falvico auxilia na forma\u00e7\u00e3o de gr\u00e2nulos, aumenta a resist\u00eancia dos gr\u00e2nulos e reduz a porcentagem de poeira\/p\u00f3 fino.<br \/>\nNota sobre pH<br \/>\nO fulvato de pot\u00e1ssio derivado de minerais tem um pH de 8 pH 1 (alcalino) Se o fertilizante org\u00e2nico tiver um pH &lt; 6,5, poder\u00e1 adicionar um adicional de 2 kg\/ton para ajudar a ajustar a acidez.<br \/>\n<strong>III. Benef\u00edcios B\u00e1sicos (Para Fabricantes + Para Agricultores)<\/strong><br \/>\n\u00c2NIMO Para Fabricantes: Mais f\u00e1cil de atender aos padr\u00f5es de mat\u00e9ria org\u00e2nica; custos reduzidos para inoculantes microbianos; matura\u00e7\u00e3o mais r\u00e1pida; qualidade superior de granula\u00e7\u00e3o; pre\u00e7os de venda mais elevados.<br \/>\n\u00c2NIMO Para agricultores: Melhoramento do solo (aliviando compacta\u00e7\u00e3o, salinidade\/alcalinidade e acidifica\u00e7\u00e3o); estimula\u00e7\u00e3o radicular; resist\u00eancia a problemas de cultivo cont\u00ednuo; efic\u00e1cia est\u00e1vel de fertilizantes; 10 Aumento de 10% no rendimento da colheita. IV. Crit\u00e9rios de compra de p\u00f3 cru (evitando armadilhas)<br \/>\nPadr\u00e3o de Implementa\u00e7\u00e3o: HG\/T 5334-2018<br \/>\nPrincipais especifica\u00e7\u00f5es: \u00c1cido f\u00falvico derivado de minerais \u2265 50%, K2O \u2265 12%, Umidade \u226415%<br \/>\nApar\u00eancia: ** P\u00f3 preto; totalmente sol\u00favel em \u00e1gua; livre de impurezas; n\u00e3o aglomera\u00e7\u00e3o<br \/>\nEvite: \u00c1cido f\u00falvico bioqu\u00edmico (baixa atividade), p\u00f3 de linhita disfar\u00e7ado de produto ou especifica\u00e7\u00f5es falsamente infladas<br \/>\n<strong>V. Incompatibilidades (Essenciais para o Pessoal da Oficina)<\/strong><br \/>\n. **N\u00e3o ** misturar diretamente com ** mat\u00e9rias-primas \u00e1cidas fortes (por exemplo, Superfosfato) **; isso leva \u00e0 precipita\u00e7\u00e3o e efic\u00e1cia reduzida.<br \/>\n. **N\u00e3o sobredosagem:** Adicionar &gt; 30 kg por tonelada de fertilizante pode resultar em pH excessivamente elevado no produto acabado, causando potencialmente queimaduras nas ra\u00edzes das culturas.<br \/>\n. **Prote\u00e7\u00e3o contra umidade:** Armazenar em ambiente selado e seco; o produto \u00e9 higrosc\u00f3pico e propenso a aglomera\u00e7\u00e3o se exposto \u00e0 umidade.<br \/>\n<strong>VI. Proposi\u00e7\u00e3o de Custo e Valor (Refer\u00eancia)<\/strong><br \/>\nPre\u00e7o de mercado do p\u00f3 cru: 4.000 6.000 RMB por tonelada<br \/>\nTaxa de utiliza\u00e7\u00e3o (10 kg\/ton): Aumenta o custo por fertilizante atrav\u00e9s do conte\u00fado de fertilizante 60 RMB; no entanto, os benef\u00edcios aumentaram 4 a necessidade de mat\u00e9ria org\u00e2nica, reduziram a necessidade de agentes microbianos, um pre\u00e7o de venda potencial mais elevado, torn\u00e1-lo um investimento global rent\u00e1vel.<br \/>\n<strong>VII. Recomenda\u00e7\u00f5es de Rotulagem para Produtos Acabados (Conformidade + Recurso de Mercado)<\/strong><br \/>\nPadr\u00e3o de implementa\u00e7\u00e3o: NY\/T 525-2021 (fertilizante org\u00e2nico)<br \/>\nRotulagem: Indique a adi\u00e7\u00e3o de \u201cMineral-derivado Potassium Fulvate\u201d (\u00c1cido f\u00falvico \u2265 501TP6 T), e destaque pontos de venda chave, tais como a melhoria do solo, desenvolvimento radicular, e resist\u00eancia ao estresse.<\/p>","protected":false},"excerpt":{"rendered":"<p>O p\u00f3 de fulvato de pot\u00e1ssio derivado de minerais (\u00e1cido f\u00falvico \u2265 501TP6 T, K2 O \u2265 121TP6 T) serve como aditivo funcional para fertilizantes org\u00e2nicos, fertilizantes bio-org\u00e2nicos e fertilizantes compostos org\u00e2nico-inorg\u00e2nicos Suas principais fun\u00e7\u00f5es s\u00e3o reduzir custos, aumentar o teor de mat\u00e9ria org\u00e2nica, acelerar a decomposi\u00e7\u00e3o, melhorar significativamente a estrutura do solo e aumentar a efici\u00eancia de nutrientes e a resist\u00eancia ao estresse.<\/p>","protected":false},"featured_media":247,"comment_status":"open","ping_status":"closed","template":"","meta":[],"product_brand":[],"product_cat":[24],"product_tag":[],"class_list":{"0":"post-436","1":"product","2":"type-product","3":"status-publish","4":"has-post-thumbnail","6":"product_cat-potassium-fulvate-series","8":"first","9":"instock","10":"shipping-taxable","11":"product-type-simple"},"_links":{"self":[{"href":"https:\/\/chunleiagriculture.com\/pt\/wp-json\/wp\/v2\/product\/436","targetHints":{"allow":["GET"]}}],"collection":[{"href":"https:\/\/chunleiagriculture.com\/pt\/wp-json\/wp\/v2\/product"}],"about":[{"href":"https:\/\/chunleiagriculture.com\/pt\/wp-json\/wp\/v2\/types\/product"}],"replies":[{"embeddable":true,"href":"https:\/\/chunleiagriculture.com\/pt\/wp-json\/wp\/v2\/comments?post=436"}],"wp:featuredmedia":[{"embeddable":true,"href":"https:\/\/chunleiagriculture.com\/pt\/wp-json\/wp\/v2\/media\/247"}],"wp:attachment":[{"href":"https:\/\/chunleiagriculture.com\/pt\/wp-json\/wp\/v2\/media?parent=436"}],"wp:term":[{"taxonomy":"product_brand","embeddable":true,"href":"https:\/\/chunleiagriculture.com\/pt\/wp-json\/wp\/v2\/product_brand?post=436"},{"taxonomy":"product_cat","embeddable":true,"href":"https:\/\/chunleiagriculture.com\/pt\/wp-json\/wp\/v2\/product_cat?post=436"},{"taxonomy":"product_tag","embeddable":true,"href":"https:\/\/chunleiagriculture.com\/pt\/wp-json\/wp\/v2\/product_tag?post=436"}],"curies":[{"name":"wp","href":"https:\/\/api.w.org\/{rel}","templated":true}]}}