{"id":437,"date":"2026-04-30T05:41:54","date_gmt":"2026-04-30T05:41:54","guid":{"rendered":"https:\/\/chunleiagriculture.com\/?post_type=product&#038;p=437"},"modified":"2026-05-07T01:51:47","modified_gmt":"2026-05-07T01:51:47","slug":"funongli-bio-organic-fertilizer","status":"publish","type":"product","link":"https:\/\/chunleiagriculture.com\/pt\/product\/funongli-bio-organic-fertilizer\/","title":{"rendered":"Funongli Fertilizante Bio-Org\u00e2nico"},"content":{"rendered":"<p><strong>M\u00e9tricas principais:<\/strong><\/p>\n<p>Contagem Eficaz de Bact\u00e9rias Vi\u00e1veis (*Bacillus amyloliquefaciens*) \u22652,0 \u00d7108 UFC\/g<\/p>\n<p>Mat\u00e9ria Org\u00e2nica \u226540,0%<\/p>\n<p><strong>Caracter\u00edsticas do produto:<\/strong><\/p>\n<p>1. Alta atividade bacteriana: Contagem efetiva de bact\u00e9rias vi\u00e1veis \u22652,0 \u00d7108 UFC\/g; tolerante ao sal, resistente ao calor e caracterizado por r\u00e1pida prolifera\u00e7\u00e3o.<\/p>\n<p>2. alto teor de mat\u00e9ria org\u00e2nica: mat\u00e9ria org\u00e2nica \u226540%; apresenta uma rela\u00e7\u00e3o C\/N ideal e fornece um suprimento sustentado de fontes de carbono.<\/p>\n<p>3. nutri\u00e7\u00e3o abrangente: N + P2O5 + K2 O \u2265 41TP6 T; cont\u00e9m 18 tipos de amino\u00e1cidos, polipept\u00eddeos e macro e microelementos essenciais.<\/p>\n<p>4.Seguro e Eco-amig\u00e1vel: Livre de bact\u00e9rias patog\u00eanicas; os n\u00edveis de metais pesados est\u00e3o abaixo dos limites padr\u00e3o nacionais; seguro e ben\u00e9fico tanto para as culturas quanto para o solo.<\/p>\n<p><strong>Recursos funcionais:<\/strong><\/p>\n<p>1. Promove o crescimento das ra\u00edzes e o vigor das mudas: Produzido atrav\u00e9s da fermenta\u00e7\u00e3o profunda de materiais derivados de plantas e animais; rico em \u00e1cidos h\u00famicos, amino\u00e1cidos e auxinas naturais, promovendo o desenvolvimento robusto das ra\u00edzes e a r\u00e1pida absor\u00e7\u00e3o de nutrientes.<\/p>\n<p>2.B. Controle de Doen\u00e7as: *Bacillus amyloliquefaciens* inibe efetivamente *Fusarium* e *Phytophthora* esp\u00e9cies, alcan\u00e7ando uma efic\u00e1cia de controle 60080% contra a murcha e podrid\u00e3o radicular doen\u00e7as; reduz os pat\u00f3genos transmitidos pelo solo associados com o cultivo cont\u00ednuo em \u2265 80%, e atinge uma taxa de supress\u00e3o de nemat\u00f3ides de \u2265 60%.<\/p>\n<p>3. realce do nutriente: Cont\u00e9m \u2265 401TP6 T mat\u00e9ria org\u00e2nica e \u2265 41TP6 T N+P2O5+K2 O, ao fornecer simultaneamente o c\u00e1lcio, o pot\u00e1ssio, o magn\u00e9sio, e os elementos de tra\u00e7o prontamente dispon\u00edveis.<\/p>\n<p>4. Melhoria e aera\u00e7\u00e3o do solo: Alivia a compacta\u00e7\u00e3o do solo, promove a forma\u00e7\u00e3o de estrutura granular do solo, melhora a respira\u00e7\u00e3o radicular e a efici\u00eancia fotossint\u00e9tica e melhora as taxas de flora\u00e7\u00e3o e frutifica\u00e7\u00e3o.<\/p>\n<p>5.Stress Melhoria da Qualidade: Aumenta a resist\u00eancia das culturas \u00e0 seca e ao frio; aumenta o teor de vitamina C em 100 15%; e ajuda a reduzir a depend\u00eancia de pesticidas qu\u00edmicos.<\/p>\n<p><strong>Culturas adequadas:<\/strong><\/p>\n<p>1.Culturas de campo: Arroz, Trigo, Milho (Previne doen\u00e7as como amortecimento, ferrugem da bainha, take-all e podrid\u00e3o da base do caule; alivia o estresse causado por baixas temperaturas e salinidade\/alcalinidade do solo).<\/p>\n<p>2. Vegetais de cultivo protegidos: Tomates, Piment\u00f5es, Berinjelas, Pepinos, Verdes Folhosos (alcan\u00e7a uma taxa de al\u00edvio \u2265 70% para obst\u00e1culos de cultivo cont\u00ednuo).<\/p>\n<p>3.R. Raiz e Rhizome Crops: Batatas, Gengibre (Controla doen\u00e7as de podrid\u00e3o radicular; aumenta o rendimento em \u2265 201TP6 T).\u00c1rvores frut\u00edferas: Ma\u00e7\u00e3s, Citros, Uvas, Bananas (Preventa o cracking de frutas; aumenta o teor de a\u00e7\u00facar em 1\u00b0Brix).<\/p>\n<p><strong>Instru\u00e7\u00f5es de aplica\u00e7\u00e3o:<\/strong><\/p>\n<p>Base Aplica\u00e7\u00e3o: 80 kg\/mu. Aplicar atrav\u00e9s de espalhamento mec\u00e2nico, aplica\u00e7\u00e3o de sulco ou transmiss\u00e3o. Transmitir mesmo antes da prepara\u00e7\u00e3o do solo e, em seguida, incorporar ao solo uma profundidade de 150 cm atrav\u00e9s de aragem.<\/p>\n<p>Topdressing: 2004 kg\/mu. Aplicar via aplica\u00e7\u00e3o de sulco, aplica\u00e7\u00e3o pontual ou transmiss\u00e3o; \u00e1gua imediatamente ap\u00f3s a cobertura com solo.<\/p>\n<p>Cultivo de mudas: Misture bem com o substrato de crescimento em uma propor\u00e7\u00e3o de volume de 1:30 para aumentar as taxas de germina\u00e7\u00e3o e o vigor das mudas.<\/p>\n<p>Frequ\u00eancia de aplica\u00e7\u00e3o: Uma vez por ciclo de cultivo. Para parcelas afetadas por obst\u00e1culos de cultivo cont\u00ednuo, uma aplica\u00e7\u00e3o suplementar aplica metade da taxa padr\u00e3o pode ser aplicada durante a segunda temporada.<\/p>\n<p><strong>Precau\u00e7\u00f5es:<\/strong><\/p>\n<p>Restri\u00e7\u00f5es de compatibilidade: Evite a aplica\u00e7\u00e3o simult\u00e2nea com inseticidas, herbicidas, bicarbonato de am\u00f4nio, sulfato de am\u00f4nio, prepara\u00e7\u00f5es \u00e0 base de cobre (por exemplo, mistura de Bordeaux), metalaxil ou pesticidas fortemente alcalinos Deve ser observado um intervalo m\u00ednimo de 7 dias entre as aplica\u00e7\u00f5es.<\/p>\n<p>Requisitos de armazenamento: Armazene em local fresco e seco em um recipiente bem fechado Mantenha os n\u00edveis de umidade \u2264651TP6 T e proteja da luz e das altas temperaturas Nota: Em temperaturas \u226535 \u00b0C, a contagem microbiana vi\u00e1vel pode diminuir em aproximadamente 151TP6 T por semana.<\/p>\n<p><img fetchpriority=\"high\" decoding=\"async\" class=\"alignnone wp-image-744 size-full\" src=\"https:\/\/chunleiagriculture.com\/wp-content\/uploads\/2026\/04\/tu-28.jpg\" alt=\"\" width=\"1920\" height=\"577\" srcset=\"https:\/\/chunleiagriculture.com\/wp-content\/uploads\/2026\/04\/tu-28.jpg 1920w, https:\/\/chunleiagriculture.com\/wp-content\/uploads\/2026\/04\/tu-28-300x90.jpg 300w, https:\/\/chunleiagriculture.com\/wp-content\/uploads\/2026\/04\/tu-28-1024x308.jpg 1024w, https:\/\/chunleiagriculture.com\/wp-content\/uploads\/2026\/04\/tu-28-768x231.jpg 768w, https:\/\/chunleiagriculture.com\/wp-content\/uploads\/2026\/04\/tu-28-1536x462.jpg 1536w, https:\/\/chunleiagriculture.com\/wp-content\/uploads\/2026\/04\/tu-28-600x180.jpg 600w\" sizes=\"(max-width: 1920px) 100vw, 1920px\" \/><\/p>\n<div class=\"simg-pop-btn\" style=\"top: 1617.3px; left: 14px; display: none;\"><\/div>","protected":false},"excerpt":{"rendered":"<p>Este produto \u00e9 um fertilizante bio-org\u00e2nico contendo uma contagem bacteriana vi\u00e1vel eficaz de \u2265200 milh\u00f5es de c\u00e9lulas\/grama e um teor de mat\u00e9ria org\u00e2nica de \u226540%. Ele oferece fun\u00e7\u00f5es abrangentes, incluindo a promo\u00e7\u00e3o do crescimento das ra\u00edzes e fortalecimento de mudas, supress\u00e3o de doen\u00e7as transmitidas pelo solo, melhoria da estrutura do solo, e aumentar a resist\u00eancia ao estresse e qualidade dos frutos.<\/p>","protected":false},"featured_media":250,"comment_status":"open","ping_status":"closed","template":"","meta":[],"product_brand":[],"product_cat":[25],"product_tag":[],"class_list":{"0":"post-437","1":"product","2":"type-product","3":"status-publish","4":"has-post-thumbnail","6":"product_cat-meat-protein-organic-fertilizer-series","8":"first","9":"instock","10":"shipping-taxable","11":"product-type-simple"},"_links":{"self":[{"href":"https:\/\/chunleiagriculture.com\/pt\/wp-json\/wp\/v2\/product\/437","targetHints":{"allow":["GET"]}}],"collection":[{"href":"https:\/\/chunleiagriculture.com\/pt\/wp-json\/wp\/v2\/product"}],"about":[{"href":"https:\/\/chunleiagriculture.com\/pt\/wp-json\/wp\/v2\/types\/product"}],"replies":[{"embeddable":true,"href":"https:\/\/chunleiagriculture.com\/pt\/wp-json\/wp\/v2\/comments?post=437"}],"wp:featuredmedia":[{"embeddable":true,"href":"https:\/\/chunleiagriculture.com\/pt\/wp-json\/wp\/v2\/media\/250"}],"wp:attachment":[{"href":"https:\/\/chunleiagriculture.com\/pt\/wp-json\/wp\/v2\/media?parent=437"}],"wp:term":[{"taxonomy":"product_brand","embeddable":true,"href":"https:\/\/chunleiagriculture.com\/pt\/wp-json\/wp\/v2\/product_brand?post=437"},{"taxonomy":"product_cat","embeddable":true,"href":"https:\/\/chunleiagriculture.com\/pt\/wp-json\/wp\/v2\/product_cat?post=437"},{"taxonomy":"product_tag","embeddable":true,"href":"https:\/\/chunleiagriculture.com\/pt\/wp-json\/wp\/v2\/product_tag?post=437"}],"curies":[{"name":"wp","href":"https:\/\/api.w.org\/{rel}","templated":true}]}}